{"id":15,"date":"2020-11-22T01:21:32","date_gmt":"2020-11-22T01:21:32","guid":{"rendered":"https:\/\/dentistaaravaca.es\/blog\/personalizar-cookies\/"},"modified":"2021-08-02T23:32:18","modified_gmt":"2021-08-02T23:32:18","slug":"personalizar-cookies","status":"publish","type":"page","link":"https:\/\/dentistaaravaca.es\/blog\/personalizar-cookies\/","title":{"rendered":"Personalizar Cookies"},"content":{"rendered":"\n<div>\n      <div id=\"custom-cookies-eu-label\">\n          El sitio Web https:\/\/dentistaaravaca.es\/blog utiliza cookies propias  para su correcto funcionamiento. Al hacer clic en el bot\u00f3n Aceptar, acepta el uso de estas tecnolog\u00edas y el procesamiento de sus datos para estos prop\u00f3sitos.          \n\n      <\/div>\n\n      <div id=\"custom-cookies-eu-buttons\" class=\"cookies-eu-buttons\">\n        <button id=\"custom-cookies-eu-reject\" class=\"cookies-eu-reject\">Rechazar<\/button>\n        <button id=\"custom-cookies-eu-accept\" class=\"cookies-eu-accept\">ACEPTAR TODAS LAS COOKIES<\/button><\/div>\n      <\/div>\n\n<br\/>\n<p>\n\tPuedes cambiar tus preferencias de cookies en cualquier momento si vuelves a la p\u00e1gina de Personalizar cookies, a la que puedes acceder a trav\u00e9s del Aviso de cookies. Para obtener m\u00e1s informaci\u00f3n sobre las cookies y c\u00f3mo las usamos, consulta la p\u00e1gina de <a href=\"https:\/\/dentistaaravaca.es\/blog\/politica-de-cookies\/\">Pol\u00edtica de Cookies<\/a>.\n<\/p>\n\n<h3>Cookies t\u00e9cnicas<\/h3>\n<p>\n\tSon aquellas que permiten a los usuarios registrados navegar a trav\u00e9s del sitio Web, del \u00e1rea restringida y a utilizar sus diferentes funciones, como por ejemplo, el sistema de comentarios o el buscador y no pueden ser desactivadas.\n<\/p>\n\n\n\n","protected":false},"excerpt":{"rendered":"<p>El sitio Web https:\/\/dentistaaravaca.es\/blog utiliza cookies propias para su correcto funcionamiento. Al&hellip;<\/p>\n","protected":false},"author":1,"featured_media":0,"parent":0,"menu_order":0,"comment_status":"closed","ping_status":"closed","template":"","meta":{"footnotes":""},"class_list":["post-15","page","type-page","status-publish","hentry"],"yoast_head":"<!-- This site is optimized with the Yoast SEO plugin v27.4 - https:\/\/yoast.com\/product\/yoast-seo-wordpress\/ -->\n<title>Personalizar Cookies | Dentista aravaca<\/title>\n<meta name=\"robots\" content=\"noindex, follow\" \/>\n<meta property=\"og:locale\" content=\"es_ES\" \/>\n<meta property=\"og:type\" content=\"article\" \/>\n<meta property=\"og:title\" content=\"Personalizar Cookies | Dentista aravaca\" \/>\n<meta property=\"og:description\" content=\"El sitio Web https:\/\/dentistaaravaca.es\/blog utiliza cookies propias para su correcto funcionamiento. Al&hellip;\" \/>\n<meta property=\"og:url\" content=\"https:\/\/dentistaaravaca.es\/blog\/personalizar-cookies\/\" \/>\n<meta property=\"og:site_name\" content=\"Dentista aravaca\" \/>\n<meta property=\"article:modified_time\" content=\"2021-08-02T23:32:18+00:00\" \/>\n<meta name=\"twitter:card\" content=\"summary_large_image\" \/>\n<script type=\"application\/ld+json\" class=\"yoast-schema-graph\">{\"@context\":\"https:\\\/\\\/schema.org\",\"@graph\":[{\"@type\":\"WebPage\",\"@id\":\"https:\\\/\\\/dentistaaravaca.es\\\/blog\\\/personalizar-cookies\\\/\",\"url\":\"https:\\\/\\\/dentistaaravaca.es\\\/blog\\\/personalizar-cookies\\\/\",\"name\":\"Personalizar Cookies | Dentista aravaca\",\"isPartOf\":{\"@id\":\"https:\\\/\\\/dentistaaravaca.es\\\/blog\\\/#website\"},\"datePublished\":\"2020-11-22T01:21:32+00:00\",\"dateModified\":\"2021-08-02T23:32:18+00:00\",\"breadcrumb\":{\"@id\":\"https:\\\/\\\/dentistaaravaca.es\\\/blog\\\/personalizar-cookies\\\/#breadcrumb\"},\"inLanguage\":\"es\",\"potentialAction\":[{\"@type\":\"ReadAction\",\"target\":[\"https:\\\/\\\/dentistaaravaca.es\\\/blog\\\/personalizar-cookies\\\/\"]}]},{\"@type\":\"WebSite\",\"@id\":\"https:\\\/\\\/dentistaaravaca.es\\\/blog\\\/#website\",\"url\":\"https:\\\/\\\/dentistaaravaca.es\\\/blog\\\/\",\"name\":\"Dentista aravaca\",\"description\":\"\",\"potentialAction\":[{\"@type\":\"SearchAction\",\"target\":{\"@type\":\"EntryPoint\",\"urlTemplate\":\"https:\\\/\\\/dentistaaravaca.es\\\/blog\\\/?s={search_term_string}\"},\"query-input\":{\"@type\":\"PropertyValueSpecification\",\"valueRequired\":true,\"valueName\":\"search_term_string\"}}],\"inLanguage\":\"es\"}]}<\/script>\n<!-- \/ Yoast SEO plugin. -->","yoast_head_json":{"title":"Personalizar Cookies | Dentista aravaca","robots":{"index":"noindex","follow":"follow"},"og_locale":"es_ES","og_type":"article","og_title":"Personalizar Cookies | Dentista aravaca","og_description":"El sitio Web https:\/\/dentistaaravaca.es\/blog utiliza cookies propias para su correcto funcionamiento. Al&hellip;","og_url":"https:\/\/dentistaaravaca.es\/blog\/personalizar-cookies\/","og_site_name":"Dentista aravaca","article_modified_time":"2021-08-02T23:32:18+00:00","twitter_card":"summary_large_image","schema":{"@context":"https:\/\/schema.org","@graph":[{"@type":"WebPage","@id":"https:\/\/dentistaaravaca.es\/blog\/personalizar-cookies\/","url":"https:\/\/dentistaaravaca.es\/blog\/personalizar-cookies\/","name":"Personalizar Cookies | Dentista aravaca","isPartOf":{"@id":"https:\/\/dentistaaravaca.es\/blog\/#website"},"datePublished":"2020-11-22T01:21:32+00:00","dateModified":"2021-08-02T23:32:18+00:00","breadcrumb":{"@id":"https:\/\/dentistaaravaca.es\/blog\/personalizar-cookies\/#breadcrumb"},"inLanguage":"es","potentialAction":[{"@type":"ReadAction","target":["https:\/\/dentistaaravaca.es\/blog\/personalizar-cookies\/"]}]},{"@type":"WebSite","@id":"https:\/\/dentistaaravaca.es\/blog\/#website","url":"https:\/\/dentistaaravaca.es\/blog\/","name":"Dentista aravaca","description":"","potentialAction":[{"@type":"SearchAction","target":{"@type":"EntryPoint","urlTemplate":"https:\/\/dentistaaravaca.es\/blog\/?s={search_term_string}"},"query-input":{"@type":"PropertyValueSpecification","valueRequired":true,"valueName":"search_term_string"}}],"inLanguage":"es"}]}},"_links":{"self":[{"href":"https:\/\/dentistaaravaca.es\/blog\/wp-json\/wp\/v2\/pages\/15","targetHints":{"allow":["GET"]}}],"collection":[{"href":"https:\/\/dentistaaravaca.es\/blog\/wp-json\/wp\/v2\/pages"}],"about":[{"href":"https:\/\/dentistaaravaca.es\/blog\/wp-json\/wp\/v2\/types\/page"}],"author":[{"embeddable":true,"href":"https:\/\/dentistaaravaca.es\/blog\/wp-json\/wp\/v2\/users\/1"}],"replies":[{"embeddable":true,"href":"https:\/\/dentistaaravaca.es\/blog\/wp-json\/wp\/v2\/comments?post=15"}],"version-history":[{"count":0,"href":"https:\/\/dentistaaravaca.es\/blog\/wp-json\/wp\/v2\/pages\/15\/revisions"}],"wp:attachment":[{"href":"https:\/\/dentistaaravaca.es\/blog\/wp-json\/wp\/v2\/media?parent=15"}],"curies":[{"name":"wp","href":"https:\/\/api.w.org\/{rel}","templated":true}]}}